{"id":122,"date":"2022-12-01T21:53:42","date_gmt":"2022-12-01T21:53:42","guid":{"rendered":"http:\/\/doc-concept-gmbh.de\/?page_id=122"},"modified":"2022-12-07T23:01:06","modified_gmt":"2022-12-07T22:01:06","slug":"start","status":"publish","type":"page","link":"https:\/\/doc-concept-gmbh.com\/","title":{"rendered":"Startseite"},"content":{"rendered":"\n<h2 class=\"has-text-align-center wp-block-heading\"><strong>Willkommen bei &#8230;<\/strong><br><br>doc-<mark style=\"background-color:rgba(0, 0, 0, 0)\" class=\"has-inline-color has-vivid-red-color\">concept <\/mark>GmbH steht f\u00fcr eine herstellerunabh\u00e4ngige und objektive Beratung rund um Ihre Gesch\u00e4ftsdokumente.<br><br>Mit der Optimierung Ihrer Druck- und Kopierausgabesysteme, in Verbindung mit einer intelligenten Dokumenten-Softwareverwaltung, stellen Sie die richtigen Weichen f\u00fcr die zuk\u00fcnftigen wirtschaftlichen und organisatorischen Herausforderungen Ihres Unternehmens.<br><br>Wir verstehen uns als Ihr Unternehmensberater f\u00fcr L\u00f6sungen im Dokumentenmanagement.<br><br>Ihre<\/h2>\n\n\n\n<h2 class=\"has-text-align-center wp-block-heading\">doc<strong>&#8211;<mark style=\"background-color:rgba(0, 0, 0, 0)\" class=\"has-inline-color has-vivid-red-color\">concept <\/mark>GmbH<\/strong><\/h2>\n\n\n\n<div class=\"wp-block-columns is-layout-flex wp-container-core-columns-is-layout-28f84493 wp-block-columns-is-layout-flex\">\n<div class=\"wp-block-column is-layout-flow wp-block-column-is-layout-flow\" style=\"flex-basis:25%\">\n<figure class=\"wp-block-gallery aligncenter has-nested-images columns-default is-cropped wp-block-gallery-1 is-layout-flex wp-block-gallery-is-layout-flex\">\n<figure class=\"wp-block-image size-full\"><img loading=\"lazy\" decoding=\"async\" width=\"218\" height=\"115\" data-id=\"120\" src=\"https:\/\/doc-concept-gmbh.com\/wp-content\/uploads\/2022\/12\/aoi-17.jpg\" alt=\"\" class=\"wp-image-120\"\/><\/figure>\n<\/figure>\n<\/div>\n\n\n\n<div class=\"wp-block-column has-small-font-size is-layout-flow wp-block-column-is-layout-flow\" style=\"flex-basis:50%\"><\/div>\n\n\n\n<div class=\"wp-block-column is-layout-flow wp-block-column-is-layout-flow\" style=\"flex-basis:25%\">\n<figure class=\"wp-block-gallery aligncenter has-nested-images columns-default is-cropped wp-block-gallery-2 is-layout-flex wp-block-gallery-is-layout-flex\">\n<figure class=\"wp-block-image size-full\"><img loading=\"lazy\" decoding=\"async\" width=\"321\" height=\"107\" data-id=\"126\" src=\"https:\/\/doc-concept-gmbh.com\/wp-content\/uploads\/2022\/12\/kyocera-logo.png\" alt=\"\" class=\"wp-image-126\" srcset=\"https:\/\/doc-concept-gmbh.com\/wp-content\/uploads\/2022\/12\/kyocera-logo.png 321w, https:\/\/doc-concept-gmbh.com\/wp-content\/uploads\/2022\/12\/kyocera-logo-300x100.png 300w\" sizes=\"auto, (max-width: 321px) 100vw, 321px\" \/><\/figure>\n<\/figure>\n<\/div>\n<\/div>\n","protected":false},"excerpt":{"rendered":"<p>Willkommen bei &#8230; doc-concept GmbH steht f\u00fcr eine herstellerunabh\u00e4ngige und objektive Beratung rund um Ihre Gesch\u00e4ftsdokumente. Mit der Optimierung Ihrer Druck- und Kopierausgabesysteme, in Verbindung mit einer intelligenten Dokumenten-Softwareverwaltung, stellen Sie die richtigen Weichen f\u00fcr die zuk\u00fcnftigen wirtschaftlichen und organisatorischen<\/p>\n","protected":false},"author":1,"featured_media":0,"parent":0,"menu_order":0,"comment_status":"closed","ping_status":"closed","template":"","meta":{"footnotes":""},"class_list":["post-122","page","type-page","status-publish","hentry"],"_links":{"self":[{"href":"https:\/\/doc-concept-gmbh.com\/index.php?rest_route=\/wp\/v2\/pages\/122","targetHints":{"allow":["GET"]}}],"collection":[{"href":"https:\/\/doc-concept-gmbh.com\/index.php?rest_route=\/wp\/v2\/pages"}],"about":[{"href":"https:\/\/doc-concept-gmbh.com\/index.php?rest_route=\/wp\/v2\/types\/page"}],"author":[{"embeddable":true,"href":"https:\/\/doc-concept-gmbh.com\/index.php?rest_route=\/wp\/v2\/users\/1"}],"replies":[{"embeddable":true,"href":"https:\/\/doc-concept-gmbh.com\/index.php?rest_route=%2Fwp%2Fv2%2Fcomments&post=122"}],"version-history":[{"count":5,"href":"https:\/\/doc-concept-gmbh.com\/index.php?rest_route=\/wp\/v2\/pages\/122\/revisions"}],"predecessor-version":[{"id":203,"href":"https:\/\/doc-concept-gmbh.com\/index.php?rest_route=\/wp\/v2\/pages\/122\/revisions\/203"}],"wp:attachment":[{"href":"https:\/\/doc-concept-gmbh.com\/index.php?rest_route=%2Fwp%2Fv2%2Fmedia&parent=122"}],"curies":[{"name":"wp","href":"https:\/\/api.w.org\/{rel}","templated":true}]}}