{"id":138,"date":"2022-12-01T22:29:46","date_gmt":"2022-12-01T22:29:46","guid":{"rendered":"http:\/\/doc-concept-gmbh.de\/?page_id=138"},"modified":"2022-12-07T23:06:17","modified_gmt":"2022-12-07T22:06:17","slug":"loesungen","status":"publish","type":"page","link":"https:\/\/doc-concept-gmbh.com\/?page_id=138","title":{"rendered":"L\u00f6sungen"},"content":{"rendered":"\n<h2 class=\"wp-block-heading\">Unsere L\u00f6sungen f\u00fcr Sie&#8230;<\/h2>\n\n\n\n<div class=\"wp-block-media-text has-media-on-the-right is-stacked-on-mobile is-vertically-aligned-center\" style=\"grid-template-columns:auto 21%\"><div class=\"wp-block-media-text__content\">\n<p class=\"has-text-align-left has-medium-font-size\">Umfangreiche und komplexe Gesch\u00e4ftsprozesse, sowie eine immer stetig steigende Informationsvielfalt von Dokumenten in ausgedruckter oder elektronischer Form, bestimmen den B\u00fcroalltag.<br><br>Wir bieten Ihnen Dokumentenl\u00f6sungen, damit Sie wirtschaftlicher und schneller Ihre Arbeitsprozesse in Ihrem Unternehmen umsetzen k\u00f6nnen.<br><br>Haben Sie sich nicht immer schon gew\u00fcnscht, sich auf Ihre eigentlichen Kernaufgaben konzentrieren zu k\u00f6nnen?<br><br>Wir helfen Ihnen dabei!<\/p>\n<\/div><figure class=\"wp-block-media-text__media\"><img loading=\"lazy\" decoding=\"async\" width=\"222\" height=\"319\" src=\"https:\/\/doc-concept-gmbh.com\/wp-content\/uploads\/2022\/12\/loes-1.jpg\" alt=\"\" class=\"wp-image-139 size-full\" srcset=\"https:\/\/doc-concept-gmbh.com\/wp-content\/uploads\/2022\/12\/loes-1.jpg 222w, https:\/\/doc-concept-gmbh.com\/wp-content\/uploads\/2022\/12\/loes-1-209x300.jpg 209w\" sizes=\"auto, (max-width: 222px) 100vw, 222px\" \/><\/figure><\/div>\n\n\n\n<p class=\"has-medium-font-size\">Mit der Analyse Ihres Unternehmens lernen wir Ihre Gesch\u00e4ftsabl\u00e4ufe kennen. Gemeinsam erstellen wir eine individuelle ma\u00dfgeschneiderte L\u00f6sung f\u00fcr Ihr Unternehmen, mit der Zielsetzung, die Kontrolle und Geschwindigkeit in Ihren Arbeitsprozessen zu erh\u00f6hen und Ihre Kosten zu senken.<\/p>\n\n\n\n<div class=\"wp-block-media-text alignwide is-stacked-on-mobile\" style=\"grid-template-columns:27% auto\"><figure class=\"wp-block-media-text__media\"><img loading=\"lazy\" decoding=\"async\" width=\"268\" height=\"185\" src=\"https:\/\/doc-concept-gmbh.com\/wp-content\/uploads\/2022\/12\/loes-2.jpg\" alt=\"\" class=\"wp-image-140 size-full\"\/><\/figure><div class=\"wp-block-media-text__content\">\n<p class=\"has-medium-font-size\"><strong>Optimierte Outputsysteme<\/strong><\/p>\n\n\n\n<ul class=\"has-medium-font-size wp-block-list\">\n<li>Kostentransparenz<\/li>\n\n\n\n<li>Abgestimmte Hardwareauswahl<\/li>\n\n\n\n<li>Austausch Ihrer Altger\u00e4te<\/li>\n\n\n\n<li>Energieeffizienz mit verbrauchsoptimierten Systemen<\/li>\n\n\n\n<li>Verwaltungskostensenkung<\/li>\n\n\n\n<li>Festpreis pro Seite<\/li>\n<\/ul>\n<\/div><\/div>\n\n\n\n<div class=\"wp-block-media-text alignwide has-media-on-the-right is-stacked-on-mobile has-medium-font-size\" style=\"grid-template-columns:auto 23%\"><div class=\"wp-block-media-text__content\">\n<p class=\"has-medium-font-size\"><strong>Effektives Dokumentenmanagement<\/strong><\/p>\n\n\n\n<ul class=\"wp-block-list\">\n<li>B<strong>e<\/strong>schleunigung der Unternehmensprozesse<\/li>\n\n\n\n<li>Controlling<\/li>\n\n\n\n<li>Zeiteinsparung f\u00fcr das Suchen und Finden von Dokumenten<\/li>\n\n\n\n<li>Gesteigerte Produktivit\u00e4t<\/li>\n\n\n\n<li>Kostenreduzierung<\/li>\n\n\n\n<li>Formularmanagement<\/li>\n\n\n\n<li>Intelligente Workflow-Prozesse<\/li>\n<\/ul>\n<\/div><figure class=\"wp-block-media-text__media\"><img loading=\"lazy\" decoding=\"async\" width=\"250\" height=\"219\" src=\"https:\/\/doc-concept-gmbh.com\/wp-content\/uploads\/2022\/12\/dummy-1.jpeg\" alt=\"\" class=\"wp-image-141 size-full\"\/><\/figure><\/div>\n","protected":false},"excerpt":{"rendered":"<p>Unsere L\u00f6sungen f\u00fcr Sie&#8230; Umfangreiche und komplexe Gesch\u00e4ftsprozesse, sowie eine immer stetig steigende Informationsvielfalt von Dokumenten in ausgedruckter oder elektronischer Form, bestimmen den B\u00fcroalltag. Wir bieten Ihnen Dokumentenl\u00f6sungen, damit Sie wirtschaftlicher und schneller Ihre Arbeitsprozesse in Ihrem Unternehmen umsetzen k\u00f6nnen.<\/p>\n","protected":false},"author":1,"featured_media":0,"parent":0,"menu_order":0,"comment_status":"closed","ping_status":"closed","template":"","meta":{"footnotes":""},"class_list":["post-138","page","type-page","status-publish","hentry"],"_links":{"self":[{"href":"https:\/\/doc-concept-gmbh.com\/index.php?rest_route=\/wp\/v2\/pages\/138","targetHints":{"allow":["GET"]}}],"collection":[{"href":"https:\/\/doc-concept-gmbh.com\/index.php?rest_route=\/wp\/v2\/pages"}],"about":[{"href":"https:\/\/doc-concept-gmbh.com\/index.php?rest_route=\/wp\/v2\/types\/page"}],"author":[{"embeddable":true,"href":"https:\/\/doc-concept-gmbh.com\/index.php?rest_route=\/wp\/v2\/users\/1"}],"replies":[{"embeddable":true,"href":"https:\/\/doc-concept-gmbh.com\/index.php?rest_route=%2Fwp%2Fv2%2Fcomments&post=138"}],"version-history":[{"count":3,"href":"https:\/\/doc-concept-gmbh.com\/index.php?rest_route=\/wp\/v2\/pages\/138\/revisions"}],"predecessor-version":[{"id":205,"href":"https:\/\/doc-concept-gmbh.com\/index.php?rest_route=\/wp\/v2\/pages\/138\/revisions\/205"}],"wp:attachment":[{"href":"https:\/\/doc-concept-gmbh.com\/index.php?rest_route=%2Fwp%2Fv2%2Fmedia&parent=138"}],"curies":[{"name":"wp","href":"https:\/\/api.w.org\/{rel}","templated":true}]}}