{"id":144,"date":"2022-12-01T22:45:48","date_gmt":"2022-12-01T22:45:48","guid":{"rendered":"http:\/\/doc-concept-gmbh.de\/?page_id=144"},"modified":"2022-12-07T23:08:27","modified_gmt":"2022-12-07T22:08:27","slug":"produkte-service","status":"publish","type":"page","link":"https:\/\/doc-concept-gmbh.com\/?page_id=144","title":{"rendered":"Produkte &#038; Service"},"content":{"rendered":"\n<h2 class=\"wp-block-heading\">Unsere Produkte und unser Service f\u00fcr Sie!<\/h2>\n\n\n\n<p class=\"has-medium-font-size\">Als Ihr herstellerunabh\u00e4ngiger L\u00f6sungsanbieter sehen Sie hier eine Auswahl unserer Produktpalette:<\/p>\n\n\n\n<div class=\"wp-block-media-text alignwide has-media-on-the-right is-stacked-on-mobile\" style=\"grid-template-columns:auto 26%\"><div class=\"wp-block-media-text__content\">\n<h3 class=\"wp-block-heading\">Hardware<\/h3>\n\n\n\n<ul class=\"has-medium-font-size wp-block-list\">\n<li>Produktionssysteme<\/li>\n\n\n\n<li>Multifunktionssysteme<\/li>\n\n\n\n<li>S\/W Druck- und Kopiersysteme<\/li>\n\n\n\n<li>Farbdrucker- und Kopierer<\/li>\n\n\n\n<li>Multimedia<\/li>\n\n\n\n<li>Scanner<\/li>\n\n\n\n<li>Arbeitsplatzdrucker<\/li>\n\n\n\n<li>Gro\u00dfformatdrucker \u2013 Plotter<\/li>\n\n\n\n<li>Telefonanlagen<\/li>\n\n\n\n<li>Computer<\/li>\n\n\n\n<li>Server<\/li>\n\n\n\n<li>EDV Netzwerke<\/li>\n\n\n\n<li>IT-Telefonie<\/li>\n<\/ul>\n<\/div><figure class=\"wp-block-media-text__media\"><img loading=\"lazy\" decoding=\"async\" width=\"316\" height=\"255\" src=\"https:\/\/doc-concept-gmbh.com\/wp-content\/uploads\/2022\/12\/product-1.jpg\" alt=\"\" class=\"wp-image-145 size-full\" srcset=\"https:\/\/doc-concept-gmbh.com\/wp-content\/uploads\/2022\/12\/product-1.jpg 316w, https:\/\/doc-concept-gmbh.com\/wp-content\/uploads\/2022\/12\/product-1-300x242.jpg 300w\" sizes=\"auto, (max-width: 316px) 100vw, 316px\" \/><\/figure><\/div>\n\n\n\n<div class=\"wp-block-media-text alignwide is-stacked-on-mobile\" style=\"grid-template-columns:30% auto\"><figure class=\"wp-block-media-text__media\"><img loading=\"lazy\" decoding=\"async\" width=\"313\" height=\"183\" src=\"https:\/\/doc-concept-gmbh.com\/wp-content\/uploads\/2022\/12\/product-2.jpeg\" alt=\"\" class=\"wp-image-146 size-full\" srcset=\"https:\/\/doc-concept-gmbh.com\/wp-content\/uploads\/2022\/12\/product-2.jpeg 313w, https:\/\/doc-concept-gmbh.com\/wp-content\/uploads\/2022\/12\/product-2-300x175.jpeg 300w\" sizes=\"auto, (max-width: 313px) 100vw, 313px\" \/><\/figure><div class=\"wp-block-media-text__content\">\n<h3 class=\"wp-block-heading\">Software<\/h3>\n\n\n\n<ul class=\"has-medium-font-size wp-block-list\">\n<li>E-Mail Archivierung<\/li>\n\n\n\n<li>Suchen und finden von Dokumenten<\/li>\n\n\n\n<li>Softwarel\u00f6sungen<\/li>\n\n\n\n<li>Dokumentenmanagementl\u00f6sungen<\/li>\n\n\n\n<li>Intelligente Workflow Prozesse<\/li>\n\n\n\n<li>Archivierungssysteme<\/li>\n\n\n\n<li>Formularsteuerung<\/li>\n<\/ul>\n<\/div><\/div>\n\n\n\n<div class=\"wp-block-media-text alignwide has-media-on-the-right is-stacked-on-mobile\" style=\"grid-template-columns:auto 33%\"><div class=\"wp-block-media-text__content\">\n<h3 class=\"wp-block-heading\">Service<\/h3>\n\n\n\n<ul class=\"has-medium-font-size wp-block-list\">\n<li>Schneller eigener Vorort- Service, durch erfahrene Techniker<\/li>\n\n\n\n<li>Kundenorientierte Einsatzlenkung&nbsp;&nbsp;&nbsp;&nbsp;&nbsp;<\/li>\n\n\n\n<li>Technischer Support<\/li>\n\n\n\n<li>Deutschlandweites Servicenetz<\/li>\n\n\n\n<li>Ersatzteil- und Verbrauchsmaterialbelieferung<\/li>\n\n\n\n<li>Eigene Logistik- und Installationsabteilung<\/li>\n\n\n\n<li>Schneller System- Austauschservice<\/li>\n<\/ul>\n<\/div><figure class=\"wp-block-media-text__media\"><img loading=\"lazy\" decoding=\"async\" width=\"383\" height=\"217\" src=\"https:\/\/doc-concept-gmbh.com\/wp-content\/uploads\/2022\/12\/service-1.jpg\" alt=\"\" class=\"wp-image-148 size-full\" srcset=\"https:\/\/doc-concept-gmbh.com\/wp-content\/uploads\/2022\/12\/service-1.jpg 383w, https:\/\/doc-concept-gmbh.com\/wp-content\/uploads\/2022\/12\/service-1-300x170.jpg 300w\" sizes=\"auto, (max-width: 383px) 100vw, 383px\" \/><\/figure><\/div>\n\n\n\n<h2 class=\"has-text-align-left wp-block-heading\">Servicenummern<\/h2>\n\n\n\n<p class=\"has-medium-font-size\">\u00dcber diese Service Nummern k\u00f6nnen Sie uns erreichen:<\/p>\n\n\n\n<div class=\"wp-block-columns is-layout-flex wp-container-core-columns-is-layout-28f84493 wp-block-columns-is-layout-flex\">\n<div class=\"wp-block-column is-layout-flow wp-block-column-is-layout-flow\" style=\"flex-basis:33.33%\">\n<p class=\"has-text-align-right has-medium-font-size\">Telefon:<br>Fax:<\/p>\n<\/div>\n\n\n\n<div class=\"wp-block-column is-layout-flow wp-block-column-is-layout-flow\" style=\"flex-basis:66.66%\">\n<p class=\"has-medium-font-size\">+49 \/(0) 511 \/ 700 33 922<br>+49 \/(0) 511 \/ 700 33 925<\/p>\n<\/div>\n<\/div>\n","protected":false},"excerpt":{"rendered":"<p>Unsere Produkte und unser Service f\u00fcr Sie! Als Ihr herstellerunabh\u00e4ngiger L\u00f6sungsanbieter sehen Sie hier eine Auswahl unserer Produktpalette: Servicenummern \u00dcber diese Service Nummern k\u00f6nnen Sie uns erreichen: Telefon:Fax: +49 \/(0) 511 \/ 700 33 922+49 \/(0) 511 \/ 700 33<\/p>\n","protected":false},"author":1,"featured_media":0,"parent":0,"menu_order":0,"comment_status":"closed","ping_status":"closed","template":"","meta":{"footnotes":""},"class_list":["post-144","page","type-page","status-publish","hentry"],"_links":{"self":[{"href":"https:\/\/doc-concept-gmbh.com\/index.php?rest_route=\/wp\/v2\/pages\/144","targetHints":{"allow":["GET"]}}],"collection":[{"href":"https:\/\/doc-concept-gmbh.com\/index.php?rest_route=\/wp\/v2\/pages"}],"about":[{"href":"https:\/\/doc-concept-gmbh.com\/index.php?rest_route=\/wp\/v2\/types\/page"}],"author":[{"embeddable":true,"href":"https:\/\/doc-concept-gmbh.com\/index.php?rest_route=\/wp\/v2\/users\/1"}],"replies":[{"embeddable":true,"href":"https:\/\/doc-concept-gmbh.com\/index.php?rest_route=%2Fwp%2Fv2%2Fcomments&post=144"}],"version-history":[{"count":2,"href":"https:\/\/doc-concept-gmbh.com\/index.php?rest_route=\/wp\/v2\/pages\/144\/revisions"}],"predecessor-version":[{"id":208,"href":"https:\/\/doc-concept-gmbh.com\/index.php?rest_route=\/wp\/v2\/pages\/144\/revisions\/208"}],"wp:attachment":[{"href":"https:\/\/doc-concept-gmbh.com\/index.php?rest_route=%2Fwp%2Fv2%2Fmedia&parent=144"}],"curies":[{"name":"wp","href":"https:\/\/api.w.org\/{rel}","templated":true}]}}