{"id":151,"date":"2022-12-01T22:51:53","date_gmt":"2022-12-01T22:51:53","guid":{"rendered":"http:\/\/doc-concept-gmbh.de\/?page_id=151"},"modified":"2022-12-07T23:09:59","modified_gmt":"2022-12-07T22:09:59","slug":"ueber-uns","status":"publish","type":"page","link":"https:\/\/doc-concept-gmbh.com\/?page_id=151","title":{"rendered":"\u00dcber uns"},"content":{"rendered":"<p>Seite bearbeiten<br>\nCode bearbeiten<br>\n\u00dcber uns<br>\nSchreib Text oder HTML<\/p>\n\n\n<h2 class=\"wp-block-heading\">\u00dcber uns&#8230;<\/h2>\n\n\n\n<div class=\"wp-block-media-text alignwide has-media-on-the-right is-stacked-on-mobile\" style=\"grid-template-columns:auto 19%\"><div class=\"wp-block-media-text__content\">\n<p class=\"has-medium-font-size\">Die Gr\u00fcnder der doc-<mark style=\"background-color:rgba(0, 0, 0, 0)\" class=\"has-inline-color has-vivid-red-color\">concept <\/mark>GmbH blicken auf eine jahrzehntelange Branchenerfahrung, mit nachweislichen Erfolgen in f\u00fchrenden Positionen zur\u00fcck. Wir haben uns mit unserem Team als Aufgabe gemacht, Sie kompetent in allen Fragen zu Ihren Dokumentenprozessen l\u00f6sungsorientiert und individuell zu beraten.<\/p>\n<\/div><figure class=\"wp-block-media-text__media\"><img loading=\"lazy\" decoding=\"async\" width=\"244\" height=\"163\" src=\"https:\/\/doc-concept-gmbh.com\/wp-content\/uploads\/2022\/12\/ueberuns-1_2.jpg\" alt=\"\" class=\"wp-image-152 size-full\"\/><\/figure><\/div>\n\n\n\n<p class=\"has-medium-font-size\">Wir bieten L\u00f6sungen im Hard- und Softwarebereich, von weltweit f\u00fchrenden und innovativen Herstellern, f\u00fcr s\u00e4mtliche Anforderungen in der Dokumentenverarbeitung an. Dokumentenmanagementsysteme, Archivierungsl\u00f6sungen, Multifunktions-, Scan-, Druck- und Kopier-Systemen, sowie Gro\u00dfformatplotter f\u00fcr Schwarz\/Wei\u00df- und Farbdrucke erg\u00e4nzen unser Produktspektrum.<br><br>Die Vertragsgestaltung und Abwicklung von z.B. All-In-Mietvert\u00e4gen, Seitenpreiskonzepten, Leasing- Pool- und Servicevertr\u00e4gen komplettieren Ihre individuellen W\u00fcnsche. Systeminstallationen, Verbrauchsmaterial- und Ersatzteilllieferungen werden durch unsere Logistikabteillung zuverl\u00e4ssig und schnell abgewickelt.<\/p>\n\n\n\n<div class=\"wp-block-media-text alignwide is-stacked-on-mobile\" style=\"grid-template-columns:24% auto\"><figure class=\"wp-block-media-text__media\"><img loading=\"lazy\" decoding=\"async\" width=\"378\" height=\"309\" src=\"https:\/\/doc-concept-gmbh.com\/wp-content\/uploads\/2022\/12\/ueberuns-2_1.jpg\" alt=\"\" class=\"wp-image-153 size-full\" srcset=\"https:\/\/doc-concept-gmbh.com\/wp-content\/uploads\/2022\/12\/ueberuns-2_1.jpg 378w, https:\/\/doc-concept-gmbh.com\/wp-content\/uploads\/2022\/12\/ueberuns-2_1-300x245.jpg 300w\" sizes=\"auto, (max-width: 378px) 100vw, 378px\" \/><\/figure><div class=\"wp-block-media-text__content\">\n<p class=\"has-medium-font-size\">Mit direkter Kundenn\u00e4he und kurzen Entscheidungswegen, einem schnellen,<br>eigenen Vorort- Service, sowie einem deutschlandweiten Servicenetz, setzen<br>wir Schwerpunkte in Bezug auf einen reibungslosen und effizienten Ablauf<br>Ihrer Gesch\u00e4ftsprozesse. Die optimale und schnelle Einsatzlenkung unserer erfah-<br>rennen Servicetechniker, ist ein ganz wich-<br>tiger Baustein zu Gunsten Ihrer Zufrieden-<br>heit, dessen sind wir uns bewusst und<br>sehen diese t\u00e4gliche Herausforderung als oberste Priorit\u00e4t in unserer Partnerschaft zu Ihnen.<\/p>\n<\/div><\/div>\n\n\n\n<p class=\"has-medium-font-size\">Ihr<br><br>Bernd B\u00f6ttcher &amp; Christian Preu\u00df<\/p>\n","protected":false},"excerpt":{"rendered":"<p>Seite bearbeiten Code bearbeiten \u00dcber uns Schreib Text oder HTML \u00dcber uns&#8230; Die Gr\u00fcnder der doc-concept GmbH blicken auf eine jahrzehntelange Branchenerfahrung, mit nachweislichen Erfolgen in f\u00fchrenden Positionen zur\u00fcck. Wir haben uns mit unserem Team als Aufgabe gemacht, Sie kompetent<\/p>\n","protected":false},"author":1,"featured_media":0,"parent":0,"menu_order":0,"comment_status":"closed","ping_status":"closed","template":"","meta":{"footnotes":""},"class_list":["post-151","page","type-page","status-publish","hentry"],"_links":{"self":[{"href":"https:\/\/doc-concept-gmbh.com\/index.php?rest_route=\/wp\/v2\/pages\/151","targetHints":{"allow":["GET"]}}],"collection":[{"href":"https:\/\/doc-concept-gmbh.com\/index.php?rest_route=\/wp\/v2\/pages"}],"about":[{"href":"https:\/\/doc-concept-gmbh.com\/index.php?rest_route=\/wp\/v2\/types\/page"}],"author":[{"embeddable":true,"href":"https:\/\/doc-concept-gmbh.com\/index.php?rest_route=\/wp\/v2\/users\/1"}],"replies":[{"embeddable":true,"href":"https:\/\/doc-concept-gmbh.com\/index.php?rest_route=%2Fwp%2Fv2%2Fcomments&post=151"}],"version-history":[{"count":3,"href":"https:\/\/doc-concept-gmbh.com\/index.php?rest_route=\/wp\/v2\/pages\/151\/revisions"}],"predecessor-version":[{"id":211,"href":"https:\/\/doc-concept-gmbh.com\/index.php?rest_route=\/wp\/v2\/pages\/151\/revisions\/211"}],"wp:attachment":[{"href":"https:\/\/doc-concept-gmbh.com\/index.php?rest_route=%2Fwp%2Fv2%2Fmedia&parent=151"}],"curies":[{"name":"wp","href":"https:\/\/api.w.org\/{rel}","templated":true}]}}