{"id":177,"date":"2022-12-02T15:11:25","date_gmt":"2022-12-02T14:11:25","guid":{"rendered":"http:\/\/doc-concept-gmbh.de\/?page_id=177"},"modified":"2022-12-02T15:46:47","modified_gmt":"2022-12-02T14:46:47","slug":"__trashed-4","status":"publish","type":"page","link":"https:\/\/doc-concept-gmbh.com\/?page_id=177","title":{"rendered":"Datenschutz"},"content":{"rendered":"\n<p class=\"has-medium-font-size\">Der Schutz Ihrer personenbezogenen Daten ist uns wichtig. Nach der EU-Datenschutz-Grundverordnung (DSGVO) sind wir verpflichtet, Sie dar\u00fcber zu informieren, zu welchem Zweck wir Daten erheben, speichert oder weiterleiten. Der Information k\u00f6nnen Sie auch entnehmen, welche Rechte Sie in puncto Datenschutz haben.<br><br>1. INFORMATION \u00dcBER DIE ERHEBUNG PERSONENBEZOGENER DATEN\u00a0<br>(1) Im Folgenden informieren wir \u00fcber die Erhebung personenbezogener Daten bei Nutzung unserer Website. Personenbezogene Daten sind alle Daten, die auf Sie pers\u00f6nlich beziehbar sind, z. B. Name, Adresse, E-Mail-Adressen, Nutzerverhalten, oder R\u00fcckschl\u00fcsse auf Sie als Nutzer erm\u00f6glichen.<br>(2) Verantwortlicher gem. Art. 4 Abs. 7 EU-Datenschutz-Grundverordnung (DS-GVO) ist<br>Gesch\u00e4ftsf\u00fchrer <strong>Bernd B\u00f6ttcher &amp; Christian Preu\u00df<\/strong><br>doc-concept GmbH<br>W\u00fcrzburger Str. 13<br>30880 Hannover \/ Laatzen<br>Tel.:\u00a0<strong>+49 \/(0) 511 \/ 700 33 922<\/strong><br>Fax: <strong>+49 \/(0) 511 \/ 700 33 925<\/strong><br>E-Mail:\u00a0info<strong>@doc-concept-gmbh.com<\/strong><\/p>\n\n\n\n<p class=\"has-medium-font-size\">Einen Datenschutzbeauftragten haben wir ich nicht bestellt.<br>(3) Darin, uns Ihre personenbezogenen Daten per e-Mail, Kontaktformular oder sonst wie zur Verf\u00fcgung zu stellen, liegt grunds\u00e4tzlich Ihre Einwilligung darin, dass wir Ihre Daten speichern und verarbeiten. Dies gilt nicht, soweit es sich um Daten besonderer Kategorie nach Art. 9 der Datenschutz-Grundverordnung handelt. Das sind Daten, aus denen die rassische und ethnische Herkunft, politische Meinungen, religi\u00f6se oder weltanschauliche \u00dcberzeugungen oder die Gewerkschaftszugeh\u00f6rigkeit hervorgehen, sowie genetische und biometrische Daten zur eindeutigen Identifizierung einer nat\u00fcrlichen Person, Gesundheitsdaten oder Daten zum Sexualleben oder der sexuellen Orientierung. Um solche Daten zu speichern und zu verarbeiten, ben\u00f6tigen wir eine ausdr\u00fcckliche Einwilligung. Solche Daten sind uns daher ausschlie\u00dflich mit ausdr\u00fccklicher Einwilligung zur Verf\u00fcgung zu stellen; anderenfalls behalten wir uns vor, nicht nur die Daten besonderer Kategorie nach Art. 9 der Datenschutz-Grundverordnung herauszufiltern und zu l\u00f6schen, sondern das Datenpaket insgesamt zu l\u00f6schen. Eine Nutzung bestimmter Dienste w\u00e4re dann nicht m\u00f6glich.<\/p>\n\n\n\n<p class=\"has-medium-font-size\"><br>2. ZWECKGEBUNDENHEIT DER DATENERHEBUNG UND -VERARBEITUNG<br>Wir erheben und verarbeiten Daten zweckgebunden nach Ma\u00dfgabe dieser Datenschutzerkl\u00e4rung und der gesetzlichen Vorschriften.\u00a0<\/p>\n\n\n\n<p class=\"has-medium-font-size\">3. IHRE RECHTE<br>Sie haben mir gegen\u00fcber folgende Rechte hinsichtlich der Sie betreffenden personenbezogenen Daten:<br><br><br>Recht auf Auskunft, Recht auf Berichtigung oder L\u00f6schung, Recht auf Einschr\u00e4nkung der Verarbeitung, Recht auf Widerspruch gegen die Verarbeitung, Recht auf Daten\u00fcbertragbarkeit. Sie haben zudem das Recht, sich bei einer Datenschutz-Aufsichtsbeh\u00f6rde \u00fcber die Verarbeitung Ihrer personenbezogenen Daten durch uns zu beschweren.<br>\u00a0<br>4. RECHTSGRUNDLAGEN F\u00dcR DIE VERARBEITUNG PERSONENBEZOGENER DATEN<br>Soweit ich f\u00fcr Verarbeitungsvorg\u00e4nge personenbezogener Daten eine Einwilligung der betroffenen Person einholen, dient Art. 6 Abs. 1 lit. a EU-Datenschutzgrundverordnung (DSGVO) als Rechtsgrundlage.<br>Soweit eine Verarbeitung personenbezogener Daten zur Erf\u00fcllung einer rechtlichen Verpflichtung erforderlich ist, der ich unterliege, dient Art. 6 Abs. 1 lit. c DSGVO als Rechtsgrundlage.<br>F\u00fcr den Fall, dass lebenswichtige Interessen der betroffenen Person oder einer anderen nat\u00fcrlichen Person eine Verarbeitung personenbezogener Daten erforderlich machen, dient Art. 6 Abs. 1 lit. d DSGVO als Rechtsgrundlage.<br>Ist die Verarbeitung zur Wahrung eines berechtigten Interesses meinerseits oder eines Dritten erforderlich und \u00fcberwiegen die Interessen, Grundrechte und Grundfreiheiten des Betroffenen das erstgenannte Interesse nicht, so dient Art. 6 Abs. 1 lit. f DSGVO als Rechtsgrundlage f\u00fcr die Verarbeitung.<\/p>\n\n\n\n<p class=\"has-medium-font-size\">5. ERHEBUNG PERSONENBEZOGENER DATEN BEI BESUCH UNSERER WEBSEITE (1) Bei der blo\u00df informatorischen Nutzung der Website, also wenn Sie sich nicht registrieren oder uns anderweitig Informationen \u00fcbermitteln, erheben wir nur die personenbezogenen Daten, die Ihr Browser an unseren Server \u00fcbermittelt. Wenn Sie unsere Website betrachten m\u00f6chten, erheben wir die folgenden Daten, die f\u00fcr uns technisch erforderlich sind, um Ihnen unsere Website anzuzeigen und die Stabilit\u00e4t und Sicherheit zu gew\u00e4hrleisten:<br>IP-Adresse Datum und Uhrzeit der Anfrage Zeitzonendifferenz zur Greenwich Mean Time (GMT) Inhalt der Anforderung (konkrete Seite) Zugriffsstatus\/HTTP-Statuscode jeweils \u00fcbertragene Datenmenge Website, von der die Anforderung kommt Browser Betriebssystem und dessen Oberfl\u00e4che Sprache und Version der Browsersoftware.<br>Wir setzen Cookies ein, um unsere Website nutzerfreundlicher zu gestalten. Einige Elemente unserer Internetseite erfordern es, dass der aufrufende Browser auch nach einem Seitenwechsel identifiziert werden kann.<br><br>Wir verwenden auf unserer Website dar\u00fcber hinaus Cookies, die eine Analyse des Surfverhaltens der Nutzer erm\u00f6glichen. Auf diese Weise k\u00f6nnen folgende Daten \u00fcbermittelt werden: Eingegebene Suchbegriffe, H\u00e4ufigkeit von Seitenaufrufen, Inanspruchnahme von Website-Funktionen. Beim Aufruf unserer Website wird der Nutzer \u00fcber die Verwendung von Cookies zu Analysezwecken informiert und seine Einwilligung zur Verarbeitung der in diesem Zusammenhang verwendeten personenbezogenen Daten eingeholt. In diesem Zusammenhang erfolgt auch ein Hinweis auf diese Datenschutzerkl\u00e4rung.<br><br>Bei den verwendeten Cookies handelt es sich grunds\u00e4tzlich um so genannte Session-Cookies, die automatisch gel\u00f6scht werden, sobald Sie sich ausloggen oder Ihren Browser schlie\u00dfen. Bei einer Quick-Login-M\u00f6glichkeit wird ein Cookie gesetzt, der anschlie\u00dfend zur Erm\u00f6glichung des automatischen Logins gespeichert bleibt (permanenter Cookie).<br><br>Da Cookies auf dem Rechner des Nutzers gespeichert und von diesem an unsere Seite \u00fcbermittelt werden, haben Sie als Nutzer auch die volle Kontrolle \u00fcber die Verwendung von Cookies. Durch eine \u00c4nderung der Einstellungen in Ihrem Internetbrowser k\u00f6nnen Sie die \u00dcbertragung von Cookies deaktivieren oder einschr\u00e4nken. Bereits gespeicherte Cookies k\u00f6nnen jederzeit gel\u00f6scht werden. Dies kann auch automatisiert erfolgen. Werden Cookies f\u00fcr unsere Website deaktiviert, k\u00f6nnen m\u00f6glicherweise nicht mehr alle Funktionen der Website vollumf\u00e4nglich genutzt werden.<br><br>(4) Auf unserer Internetseite ist ein Kontaktformular vorhanden, welches f\u00fcr die elektronische Kontaktaufnahme genutzt werden kann. Nimmt ein Nutzer diese M\u00f6glichkeit wahr, so werden zus\u00e4tzlich zu den unter \u00a7 3 Absatz (1) genannten Daten auch die in der Eingabemaske eingegeben Daten an uns \u00fcbermittelt und gespeichert.<br><br>Es erfolgt in diesem Zusammenhang keine Weitergabe der Daten an Dritte. Die Daten werden ausschlie\u00dflich f\u00fcr die Verarbeitung der Konversation verwendet.<br><br>Die Daten werden gel\u00f6scht, sobald sie f\u00fcr die Erreichung des Zweckes ihrer Erhebung nicht mehr erforderlich sind. F\u00fcr die personenbezogenen Daten aus der Eingabemaske des Kontaktformulars und diejenigen, die per E-Mail \u00fcbersandt wurden, ist dies dann der Fall, wenn die jeweilige Konversation mit dem Nutzer beendet ist. Beendet ist die Konversation dann, wenn sich aus den Umst\u00e4nden entnehmen l\u00e4sst, dass der betroffene Sachverhalt abschlie\u00dfend gekl\u00e4rt ist.<br><br>Der Nutzer hat jederzeit die M\u00f6glichkeit, seine Einwilligung zur Verarbeitung der personenbezogenen Daten zu widerrufen. Nimmt der Nutzer per E-Mail Kontakt mit uns auf, so kann er der Speicherung seiner personenbezogenen Daten jederzeit widersprechen. In einem solchen Fall kann die Konversation nicht fortgef\u00fchrt werden.<br><br>(5) \u00dcber unsere Webseite lassen sich Vertr\u00e4ge abwickeln. Wir verwenden die dabei von Ihnen mitgeteilten Daten zur Erf\u00fcllung und Abwicklung Ihrer Bestellung. Zur Vertragsdurchf\u00fchrung geben wir Ihre Daten an das mit der Lieferung beauftragte Versandunternehmen weiter, soweit dies zur Lieferung bestellter Waren erforderlich ist. Zur Abwicklung von Zahlungen geben wir die hierf\u00fcr erforderlichen Zahlungsdaten an das mit der Zahlung beauftragte Kreditinstitut und ggf. von uns beauftragte Zahlungsdienstleister weiter bzw. an den von Ihnen im Bestellprozess ausgew\u00e4hlten Zahlungsdienst.<br><br>Daten, die zur Erf\u00fcllung eines Vertrages oder zur Durchf\u00fchrung vorvertraglicher Ma\u00dfnahmen erforderlich sind, werden gel\u00f6scht, sobald und soweit nicht vertragliche oder gesetzliche Verpflichtungen einer L\u00f6schung entgegenstehen.<\/p>\n\n\n\n<p class=\"has-medium-font-size\">6. GOOGLE ANALYTICS<br>Diese Website nutzt Funktionen des Webanalysedienstes Google Analytics. Anbieter ist die Google Inc., 1600 Amphitheatre Parkway Mountain View, CA 94043, USA. Google Analytics verwendet so genannte &#8222;Cookies&#8220;. Das sind Textdateien, die auf Ihrem Computer gespeichert werden und die eine Analyse der Benutzung der Website durch Sie erm\u00f6glichen. Die durch den Cookie erzeugten Informationen \u00fcber Ihre Benutzung dieser Website werden in der Regel an einen Server von Google in den USA \u00fcbertragen und dort gespeichert.<br><\/p>\n\n\n\n<p class=\"has-medium-font-size\">IP Anonymisierung<br>Wir haben auf dieser Website die Funktion IP-Anonymisierung aktiviert. Dadurch wird Ihre IP-Adresse von Google innerhalb von Mitgliedstaaten der Europ\u00e4ischen Union oder in anderen Vertragsstaaten des Abkommens \u00fcber den Europ\u00e4ischen Wirtschaftsraum vor der \u00dcbermittlung in die USA gek\u00fcrzt. Nur in Ausnahmef\u00e4llen wird die volle IP-Adresse an einen Server von Google in den USA \u00fcbertragen und dort gek\u00fcrzt. Im Auftrag des Betreibers dieser Website wird Google diese Informationen benutzen, um Ihre Nutzung der Website auszuwerten, um Reports \u00fcber die Websiteaktivit\u00e4ten zusammenzustellen und um weitere mit der Websitenutzung und der Internetnutzung verbundene Dienstleistungen gegen\u00fcber dem Websitebetreiber zu erbringen. Die im Rahmen von Google Analytics von Ihrem Browser \u00fcbermittelte IP-Adresse wird nicht mit anderen Daten von Google zusammengef\u00fchrt.<br><\/p>\n\n\n\n<p class=\"has-medium-font-size\">Browser Plugin<br>Sie k\u00f6nnen die Speicherung der Cookies durch eine entsprechende Einstellung Ihrer Browser-Software verhindern; wir weisen Sie jedoch darauf hin, dass Sie in diesem Fall gegebenenfalls nicht s\u00e4mtliche Funktionen dieser Website vollumf\u00e4nglich werden nutzen k\u00f6nnen. Sie k\u00f6nnen dar\u00fcber hinaus die Erfassung der durch den Cookie erzeugten und auf Ihre Nutzung der Website bezogenen Daten (inkl. Ihrer IP-Adresse) an Google sowie die Verarbeitung dieser Daten durch Google verhindern, indem Sie das unter dem folgenden Link verf\u00fcgbare Browser-Plugin herunterladen und installieren.<\/p>\n\n\n\n<p class=\"has-medium-font-size\">Widerspruch gegen Datenerfassung<br>Sie k\u00f6nnen die Erfassung Ihrer Daten durch Google Analytics verhindern, indem Sie auf folgenden Link klicken. Es wird ein Opt-Out-Cookie gesetzt, der die Erfassung Ihrer Daten bei zuk\u00fcnftigen Besuchen dieser Website verhindert: Google Analytics deaktivieren Mehr Informationen zum Umgang mit Nutzerdaten bei Google Analytics finden Sie in der Datenschutzerkl\u00e4rung von Google.<\/p>\n","protected":false},"excerpt":{"rendered":"<p>Der Schutz Ihrer personenbezogenen Daten ist uns wichtig. Nach der EU-Datenschutz-Grundverordnung (DSGVO) sind wir verpflichtet, Sie dar\u00fcber zu informieren, zu welchem Zweck wir Daten erheben, speichert oder weiterleiten. Der Information k\u00f6nnen Sie auch entnehmen, welche Rechte Sie in puncto Datenschutz<\/p>\n","protected":false},"author":1,"featured_media":0,"parent":0,"menu_order":0,"comment_status":"closed","ping_status":"closed","template":"","meta":{"footnotes":""},"class_list":["post-177","page","type-page","status-publish","hentry"],"_links":{"self":[{"href":"https:\/\/doc-concept-gmbh.com\/index.php?rest_route=\/wp\/v2\/pages\/177","targetHints":{"allow":["GET"]}}],"collection":[{"href":"https:\/\/doc-concept-gmbh.com\/index.php?rest_route=\/wp\/v2\/pages"}],"about":[{"href":"https:\/\/doc-concept-gmbh.com\/index.php?rest_route=\/wp\/v2\/types\/page"}],"author":[{"embeddable":true,"href":"https:\/\/doc-concept-gmbh.com\/index.php?rest_route=\/wp\/v2\/users\/1"}],"replies":[{"embeddable":true,"href":"https:\/\/doc-concept-gmbh.com\/index.php?rest_route=%2Fwp%2Fv2%2Fcomments&post=177"}],"version-history":[{"count":10,"href":"https:\/\/doc-concept-gmbh.com\/index.php?rest_route=\/wp\/v2\/pages\/177\/revisions"}],"predecessor-version":[{"id":194,"href":"https:\/\/doc-concept-gmbh.com\/index.php?rest_route=\/wp\/v2\/pages\/177\/revisions\/194"}],"wp:attachment":[{"href":"https:\/\/doc-concept-gmbh.com\/index.php?rest_route=%2Fwp%2Fv2%2Fmedia&parent=177"}],"curies":[{"name":"wp","href":"https:\/\/api.w.org\/{rel}","templated":true}]}}