{"id":195,"date":"2022-12-02T15:48:18","date_gmt":"2022-12-02T14:48:18","guid":{"rendered":"http:\/\/doc-concept-gmbh.de\/?page_id=195"},"modified":"2022-12-02T15:48:19","modified_gmt":"2022-12-02T14:48:19","slug":"impressum","status":"publish","type":"page","link":"https:\/\/doc-concept-gmbh.com\/?page_id=195","title":{"rendered":"Impressum"},"content":{"rendered":"\n<p class=\"has-medium-font-size\">Gesamtverantwortlich:<br>doc-<mark style=\"background-color:rgba(0, 0, 0, 0)\" class=\"has-inline-color has-vivid-red-color\">concept <\/mark>GmbH<br>W\u00fcrzburger Str. 13<br>30880 Hannover \/ Laatzen<br><br><strong>Vertretungsberechtigte Gesch\u00e4ftsf\u00fchrer:<\/strong><br><strong>Bernd B\u00f6ttcher, Christian Preu\u00df<\/strong><br><br>Registergericht: Amtsgericht Hannover HRB 204154<br>Umsatzsteuer- Identifikationsnr.:\u00a0DE264454493<br>gem\u00e4\u00df \u00a7 27a Umsatzsteuergesetz.<br><br><strong>Haftung:<\/strong><br><strong>Die Angaben auf dieser Webseite erfolgen nur zu allgemeinen Informationszwecken.<\/strong><br><br><strong>Wir haben die Angaben sorgf\u00e4ltig gepr\u00fcft, \u00fcbernehmen jedoch keinerlei Gew\u00e4hr f\u00fcr<\/strong><br><strong>die Richtigkeit, Vollst\u00e4ndigkeit und Aktualit\u00e4t der angebotenen Informationen.<\/strong><br><br><strong>Die Inhalte externer Webseiten , die \u00fcber Hyperlinks von dieser Seite aus erreicht werden k\u00f6nnen oder auf diese Seite verweisen, sind fremde Inhalte, auf die die doc-concept GmbH keinen Einfluss hat und f\u00fcr die wir keinerlei Haftung \u00fcbernehmen.<\/strong><br><br><strong>Jede \u00dcbernahme und Verwertung von Inhalten dieser Webseite bedarf der vorherigen schriftlichen Zustimmung der doc-concept GmbH.<\/strong><\/p>\n","protected":false},"excerpt":{"rendered":"<p>Gesamtverantwortlich:doc-concept GmbHW\u00fcrzburger Str. 1330880 Hannover \/ Laatzen Vertretungsberechtigte Gesch\u00e4ftsf\u00fchrer:Bernd B\u00f6ttcher, Christian Preu\u00df Registergericht: Amtsgericht Hannover HRB 204154Umsatzsteuer- Identifikationsnr.:\u00a0DE264454493gem\u00e4\u00df \u00a7 27a Umsatzsteuergesetz. Haftung:Die Angaben auf dieser Webseite erfolgen nur zu allgemeinen Informationszwecken. Wir haben die Angaben sorgf\u00e4ltig gepr\u00fcft, \u00fcbernehmen jedoch keinerlei<\/p>\n","protected":false},"author":1,"featured_media":0,"parent":0,"menu_order":0,"comment_status":"closed","ping_status":"closed","template":"","meta":{"footnotes":""},"class_list":["post-195","page","type-page","status-publish","hentry"],"_links":{"self":[{"href":"https:\/\/doc-concept-gmbh.com\/index.php?rest_route=\/wp\/v2\/pages\/195","targetHints":{"allow":["GET"]}}],"collection":[{"href":"https:\/\/doc-concept-gmbh.com\/index.php?rest_route=\/wp\/v2\/pages"}],"about":[{"href":"https:\/\/doc-concept-gmbh.com\/index.php?rest_route=\/wp\/v2\/types\/page"}],"author":[{"embeddable":true,"href":"https:\/\/doc-concept-gmbh.com\/index.php?rest_route=\/wp\/v2\/users\/1"}],"replies":[{"embeddable":true,"href":"https:\/\/doc-concept-gmbh.com\/index.php?rest_route=%2Fwp%2Fv2%2Fcomments&post=195"}],"version-history":[{"count":1,"href":"https:\/\/doc-concept-gmbh.com\/index.php?rest_route=\/wp\/v2\/pages\/195\/revisions"}],"predecessor-version":[{"id":197,"href":"https:\/\/doc-concept-gmbh.com\/index.php?rest_route=\/wp\/v2\/pages\/195\/revisions\/197"}],"wp:attachment":[{"href":"https:\/\/doc-concept-gmbh.com\/index.php?rest_route=%2Fwp%2Fv2%2Fmedia&parent=195"}],"curies":[{"name":"wp","href":"https:\/\/api.w.org\/{rel}","templated":true}]}}